{"id":8045,"date":"2026-02-19T15:35:30","date_gmt":"2026-02-19T14:35:30","guid":{"rendered":"https:\/\/solrosa.org\/produkt\/produkt\/"},"modified":"2026-02-19T15:35:30","modified_gmt":"2026-02-19T14:35:30","slug":"kaffee-tatawelo-effe-arabica-gemahlen-fuer-moka-250-g","status":"publish","type":"product","link":"https:\/\/solrosa.org\/fr\/produit\/kaffee-tatawelo-effe-arabica-gemahlen-fuer-moka-250-g\/","title":{"rendered":"Kaffee Tatawelo &#8211; Effe &#8211; Arabica, gemahlen f\u00fcr Moka &#8211; 250 g"},"content":{"rendered":"","protected":false},"excerpt":{"rendered":"<p>Conf. &#8211;  Pacco Rosso. Monorigine arabica (Bourb\u00f3n, Caturra, Villalobos e T\u00edpica) dal gusto superbo e ricco, con note di cacao e albicocca. Prodotto dalle coltivatrici della Comunit\u00e0 di Palo Alto, Huehuetenango-Guatemala<\/p>","protected":false},"featured_media":0,"template":"","meta":[],"product_brand":[],"product_cat":[70],"product_tag":[],"class_list":{"0":"post-8045","1":"product","2":"type-product","3":"status-publish","5":"product_cat-kaffee","7":"first","8":"instock","9":"shipping-taxable","10":"purchasable","11":"product-type-simple"},"_links":{"self":[{"href":"https:\/\/solrosa.org\/fr\/wp-json\/wp\/v2\/product\/8045","targetHints":{"allow":["GET"]}}],"collection":[{"href":"https:\/\/solrosa.org\/fr\/wp-json\/wp\/v2\/product"}],"about":[{"href":"https:\/\/solrosa.org\/fr\/wp-json\/wp\/v2\/types\/product"}],"wp:attachment":[{"href":"https:\/\/solrosa.org\/fr\/wp-json\/wp\/v2\/media?parent=8045"}],"wp:term":[{"taxonomy":"product_brand","embeddable":true,"href":"https:\/\/solrosa.org\/fr\/wp-json\/wp\/v2\/product_brand?post=8045"},{"taxonomy":"product_cat","embeddable":true,"href":"https:\/\/solrosa.org\/fr\/wp-json\/wp\/v2\/product_cat?post=8045"},{"taxonomy":"product_tag","embeddable":true,"href":"https:\/\/solrosa.org\/fr\/wp-json\/wp\/v2\/product_tag?post=8045"}],"curies":[{"name":"wp","href":"https:\/\/api.w.org\/{rel}","templated":true}]}}