{"id":8112,"date":"2026-02-19T15:35:37","date_gmt":"2026-02-19T14:35:37","guid":{"rendered":"https:\/\/solrosa.org\/produkt\/produkt\/"},"modified":"2026-02-19T15:35:37","modified_gmt":"2026-02-19T14:35:37","slug":"maravigghia-pesto-aux-brocolis-et-tomates-sechees-a-lhuile-dolive-212ml","status":"publish","type":"product","link":"https:\/\/solrosa.org\/fr\/produit\/maravigghia-pesto-aux-brocolis-et-tomates-sechees-a-lhuile-dolive-212ml\/","title":{"rendered":"Maravigghia &#8211; Pesto aux brocolis et tomates s\u00e9ch\u00e9es \u00e0 l&#8217;huile d&#8217;olive &#8211; 212ml"},"content":{"rendered":"","protected":false},"excerpt":{"rendered":"<p>Vasetto &#8211;  Ingr.: Broccoletti 56%, Olio Extravergine di Oliva Bio, Pomodori Secchi 7%, Limone, Sale, Aglio<\/p>","protected":false},"featured_media":0,"template":"","meta":[],"product_brand":[],"product_cat":[56],"product_tag":[],"class_list":{"0":"post-8112","1":"product","2":"type-product","3":"status-publish","5":"product_cat-conserves","7":"first","8":"instock","9":"shipping-taxable","10":"purchasable","11":"product-type-simple"},"_links":{"self":[{"href":"https:\/\/solrosa.org\/fr\/wp-json\/wp\/v2\/product\/8112","targetHints":{"allow":["GET"]}}],"collection":[{"href":"https:\/\/solrosa.org\/fr\/wp-json\/wp\/v2\/product"}],"about":[{"href":"https:\/\/solrosa.org\/fr\/wp-json\/wp\/v2\/types\/product"}],"wp:attachment":[{"href":"https:\/\/solrosa.org\/fr\/wp-json\/wp\/v2\/media?parent=8112"}],"wp:term":[{"taxonomy":"product_brand","embeddable":true,"href":"https:\/\/solrosa.org\/fr\/wp-json\/wp\/v2\/product_brand?post=8112"},{"taxonomy":"product_cat","embeddable":true,"href":"https:\/\/solrosa.org\/fr\/wp-json\/wp\/v2\/product_cat?post=8112"},{"taxonomy":"product_tag","embeddable":true,"href":"https:\/\/solrosa.org\/fr\/wp-json\/wp\/v2\/product_tag?post=8112"}],"curies":[{"name":"wp","href":"https:\/\/api.w.org\/{rel}","templated":true}]}}