{"id":8114,"date":"2026-02-19T15:35:37","date_gmt":"2026-02-19T14:35:37","guid":{"rendered":"https:\/\/solrosa.org\/produkt\/produkt\/"},"modified":"2026-02-19T15:35:37","modified_gmt":"2026-02-19T14:35:37","slug":"cosa-fina-pesto-a-base-doignons-rouges-de-tomates-sechees-et-damandes-212-ml-190-g","status":"publish","type":"product","link":"https:\/\/solrosa.org\/fr\/produit\/cosa-fina-pesto-a-base-doignons-rouges-de-tomates-sechees-et-damandes-212-ml-190-g\/","title":{"rendered":"Cosa Fina \u2013 Pesto \u00e0 base d&#8217;oignons rouges, de tomates s\u00e9ch\u00e9es et d&#8217;amandes &#8211; 212 ml &#8211; 190 g"},"content":{"rendered":"","protected":false},"excerpt":{"rendered":"<p>Vasetto &#8211;   Molto versatile in gastronomia. Ideale per condire primi piatti, sui crostini e in accompagnamento a secondi piatti.Ingr.: Cipolle Rosse di Tropea. Olio EVO. Pomodori Secchi. Sale. Mandorle. Pepe Nero. Peperoncino Piccante. Correttore di acidit\u00e0: Acido C<\/p>","protected":false},"featured_media":0,"template":"","meta":[],"product_brand":[],"product_cat":[56],"product_tag":[],"class_list":{"0":"post-8114","1":"product","2":"type-product","3":"status-publish","5":"product_cat-conserves","7":"first","8":"instock","9":"shipping-taxable","10":"purchasable","11":"product-type-simple"},"_links":{"self":[{"href":"https:\/\/solrosa.org\/fr\/wp-json\/wp\/v2\/product\/8114","targetHints":{"allow":["GET"]}}],"collection":[{"href":"https:\/\/solrosa.org\/fr\/wp-json\/wp\/v2\/product"}],"about":[{"href":"https:\/\/solrosa.org\/fr\/wp-json\/wp\/v2\/types\/product"}],"wp:attachment":[{"href":"https:\/\/solrosa.org\/fr\/wp-json\/wp\/v2\/media?parent=8114"}],"wp:term":[{"taxonomy":"product_brand","embeddable":true,"href":"https:\/\/solrosa.org\/fr\/wp-json\/wp\/v2\/product_brand?post=8114"},{"taxonomy":"product_cat","embeddable":true,"href":"https:\/\/solrosa.org\/fr\/wp-json\/wp\/v2\/product_cat?post=8114"},{"taxonomy":"product_tag","embeddable":true,"href":"https:\/\/solrosa.org\/fr\/wp-json\/wp\/v2\/product_tag?post=8114"}],"curies":[{"name":"wp","href":"https:\/\/api.w.org\/{rel}","templated":true}]}}