{"id":8154,"date":"2026-02-19T15:35:42","date_gmt":"2026-02-19T14:35:42","guid":{"rendered":"https:\/\/solrosa.org\/produkt\/produkt\/"},"modified":"2026-02-19T15:35:42","modified_gmt":"2026-02-19T14:35:42","slug":"figues-sechees-au-miel-et-a-la-bergamote-300g","status":"publish","type":"product","link":"https:\/\/solrosa.org\/fr\/produit\/figues-sechees-au-miel-et-a-la-bergamote-300g\/","title":{"rendered":"Figues s\u00e9ch\u00e9es au miel et \u00e0 la bergamote &#8211; 300g"},"content":{"rendered":"","protected":false},"excerpt":{"rendered":"<p>&#8211;<\/p>","protected":false},"featured_media":0,"template":"","meta":[],"product_brand":[],"product_cat":[52],"product_tag":[],"class_list":{"0":"post-8154","1":"product","2":"type-product","3":"status-publish","5":"product_cat-fruits-secs-et-noix","7":"first","8":"instock","9":"shipping-taxable","10":"purchasable","11":"product-type-simple"},"_links":{"self":[{"href":"https:\/\/solrosa.org\/fr\/wp-json\/wp\/v2\/product\/8154","targetHints":{"allow":["GET"]}}],"collection":[{"href":"https:\/\/solrosa.org\/fr\/wp-json\/wp\/v2\/product"}],"about":[{"href":"https:\/\/solrosa.org\/fr\/wp-json\/wp\/v2\/types\/product"}],"wp:attachment":[{"href":"https:\/\/solrosa.org\/fr\/wp-json\/wp\/v2\/media?parent=8154"}],"wp:term":[{"taxonomy":"product_brand","embeddable":true,"href":"https:\/\/solrosa.org\/fr\/wp-json\/wp\/v2\/product_brand?post=8154"},{"taxonomy":"product_cat","embeddable":true,"href":"https:\/\/solrosa.org\/fr\/wp-json\/wp\/v2\/product_cat?post=8154"},{"taxonomy":"product_tag","embeddable":true,"href":"https:\/\/solrosa.org\/fr\/wp-json\/wp\/v2\/product_tag?post=8154"}],"curies":[{"name":"wp","href":"https:\/\/api.w.org\/{rel}","templated":true}]}}